{"id":1252,"date":"2024-05-31T17:39:15","date_gmt":"2024-05-31T16:39:15","guid":{"rendered":"https:\/\/www.2gotravelportugal.pt\/?post_type=product&#038;p=1252"},"modified":"2024-06-12T15:07:18","modified_gmt":"2024-06-12T14:07:18","slug":"lisboa-dia-inteiro","status":"publish","type":"product","link":"https:\/\/www.2gotravelportugal.pt\/en\/tours\/lisboa-dia-inteiro\/","title":{"rendered":"Lisboa"},"content":{"rendered":"<table class=\"table table-bordered tours-tabs__table\" width=\"100%\">\n<tbody>\n<tr>\n<td style=\"text-align: left;\"><strong>Tour Lisboa (pax)<\/strong><\/td>\n<td style=\"text-align: left;\">Up to 4<\/td>\n<td style=\"text-align: left;\">Up to 7<\/td>\n<\/tr>\n<tr>\n<td style=\"text-align: left;\"><strong>TOTAL PRICE<\/strong><\/td>\n<td style=\"text-align: left;\">260\u20ac<\/td>\n<td style=\"text-align: left;\">455\u20ac<\/td>\n<\/tr>\n<\/tbody>\n<\/table>\n<h2>Tour Information<\/h2>\n<table class=\"table table-bordered tours-tabs__table\" width=\"100%\">\n<tbody>\n<tr>\n<td><strong>DEPARTURE \/ RETURN LOCATION<\/strong><\/td>\n<td>Hotel \/Appartment, Lisboa<\/td>\n<\/tr>\n<tr>\n<td><strong>DEPARTURE TIME<\/strong><\/td>\n<td>08:30<\/td>\n<\/tr>\n<tr>\n<td><strong>ARRIVAL TIME<\/strong><\/td>\n<td>17:00<\/td>\n<\/tr>\n<tr>\n<td><strong>INCLUDED<\/strong><\/td>\n<td>Pickup \/ Drop Off Hotel \/ Appartment in Lisboa<\/td>\n<\/tr>\n<tr>\n<td><b>NOT INCLUDED<\/b><\/td>\n<td>\n<table class=\"table table-bordered\" width=\"100%\">\n<tbody>\n<tr>\n<td>Tickets<\/td>\n<td>Lunch<\/td>\n<\/tr>\n<\/tbody>\n<\/table>\n<\/td>\n<\/tr>\n<\/tbody>\n<\/table>\n<h2>Additional Information<\/h2>\n<table class=\"table table-bordered tours-tabs__table\" width=\"100%\">\n<tbody>\n<tr>\n<td><strong>INCLUDED<\/strong><\/td>\n<td>\n<table class=\"table table-bordered\" width=\"100%\">\n<tbody>\n<tr>\n<td>Official guide (reservation required)<\/td>\n<td>Wine tasting (reservation required)<\/td>\n<\/tr>\n<\/tbody>\n<\/table>\n<\/td>\n<\/tr>\n<tr>\n<td><strong>DURATION<\/strong><\/td>\n<td>8h00 approximately<\/td>\n<\/tr>\n<\/tbody>\n<\/table>","protected":false},"excerpt":{"rendered":"<p>Tour Lisboa (pax) At\u00e9 4 At\u00e9 7 PRE\u00c7O TOTAL 260\u20ac 455\u20ac Informa\u00e7\u00e3o Passeio LOCAL PARTIDA \/ REGRESSO Hotel \/Apartamento, Lisboa HORA PARTIDA 08:30 HORA DE CHEGADA 17:00 INCLU\u00cdDO Pickup \/ Drop Off Hotel \/ Apartamento em Lisboa N\u00c3O INCLU\u00cdDO Bilhetes Almo\u00e7o Informa\u00e7\u00e3o Adicional INCLU\u00cdDO Guia oficial (mediante reserva) Prova de Vinhos (mediante reserva) DURA\u00c7\u00c3O 8h00<\/p>\n<div class=\"padding-top text-center\"><a href=\"https:\/\/www.2gotravelportugal.pt\/en\/tours\/lisboa-dia-inteiro\/\" class=\"atbtn atbtn--medium atbtn--rounded atbtn--transparent\">Read more<i class=\"atbtn__icon atbtn__icon--right fa fa-long-arrow-right\"><\/i><\/a><\/div>","protected":false},"featured_media":1281,"template":"","meta":{"_joinchat":[]},"product_brand":[],"product_cat":[65],"product_tag":[],"class_list":{"0":"post-1252","1":"product","2":"type-product","3":"status-publish","4":"has-post-thumbnail","6":"product_cat-passeios-dia-inteiro","7":"tour_category-passeios-dia-inteiro","9":"first","10":"instock","11":"shipping-taxable","12":"purchasable","13":"product-type-tour"},"yoast_head":"<!-- This site is optimized with the Yoast SEO plugin v27.4 - https:\/\/yoast.com\/product\/yoast-seo-wordpress\/ -->\n<title>Lisboa - 2GO Travel - Discover Portugal with us<\/title>\n<meta name=\"robots\" content=\"index, follow, max-snippet:-1, max-image-preview:large, max-video-preview:-1\" \/>\n<link rel=\"canonical\" href=\"https:\/\/www.2gotravelportugal.pt\/en\/tours\/lisboa-dia-inteiro\/\" \/>\n<meta property=\"og:locale\" content=\"en_GB\" \/>\n<meta property=\"og:type\" content=\"article\" \/>\n<meta property=\"og:title\" content=\"Lisboa - 2GO Travel - Discover Portugal with us\" \/>\n<meta property=\"og:description\" content=\"Tour Lisboa (pax) At\u00e9 4 At\u00e9 7 PRE\u00c7O TOTAL 260\u20ac 455\u20ac Informa\u00e7\u00e3o Passeio LOCAL PARTIDA \/ REGRESSO Hotel \/Apartamento, Lisboa HORA PARTIDA 08:30 HORA DE CHEGADA 17:00 INCLU\u00cdDO Pickup \/ Drop Off Hotel \/ Apartamento em Lisboa N\u00c3O INCLU\u00cdDO Bilhetes Almo\u00e7o Informa\u00e7\u00e3o Adicional INCLU\u00cdDO Guia oficial (mediante reserva) Prova de Vinhos (mediante reserva) DURA\u00c7\u00c3O 8h00Read more\" \/>\n<meta property=\"og:url\" content=\"https:\/\/www.2gotravelportugal.pt\/en\/tours\/lisboa-dia-inteiro\/\" \/>\n<meta property=\"og:site_name\" content=\"2GO Travel - Discover Portugal with us\" \/>\n<meta property=\"article:modified_time\" content=\"2024-06-12T14:07:18+00:00\" \/>\n<meta property=\"og:image\" content=\"https:\/\/www.2gotravelportugal.pt\/wp-content\/uploads\/2024\/05\/lisboa-360x240-2.jpg\" \/>\n\t<meta property=\"og:image:width\" content=\"360\" \/>\n\t<meta property=\"og:image:height\" content=\"240\" \/>\n\t<meta property=\"og:image:type\" content=\"image\/jpeg\" \/>\n<meta name=\"twitter:card\" content=\"summary_large_image\" \/>\n<meta name=\"twitter:label1\" content=\"Estimated reading time\" \/>\n\t<meta name=\"twitter:data1\" content=\"1 minute\" \/>\n<script type=\"application\/ld+json\" class=\"yoast-schema-graph\">{\"@context\":\"https:\\\/\\\/schema.org\",\"@graph\":[{\"@type\":\"WebPage\",\"@id\":\"https:\\\/\\\/www.2gotravelportugal.pt\\\/tours\\\/lisboa-dia-inteiro\\\/\",\"url\":\"https:\\\/\\\/www.2gotravelportugal.pt\\\/tours\\\/lisboa-dia-inteiro\\\/\",\"name\":\"Lisboa - 2GO Travel - Discover Portugal with us\",\"isPartOf\":{\"@id\":\"https:\\\/\\\/www.2gotravelportugal.pt\\\/#website\"},\"primaryImageOfPage\":{\"@id\":\"https:\\\/\\\/www.2gotravelportugal.pt\\\/tours\\\/lisboa-dia-inteiro\\\/#primaryimage\"},\"image\":{\"@id\":\"https:\\\/\\\/www.2gotravelportugal.pt\\\/tours\\\/lisboa-dia-inteiro\\\/#primaryimage\"},\"thumbnailUrl\":\"https:\\\/\\\/www.2gotravelportugal.pt\\\/wp-content\\\/uploads\\\/2024\\\/05\\\/lisboa-360x240-2.jpg\",\"datePublished\":\"2024-05-31T16:39:15+00:00\",\"dateModified\":\"2024-06-12T14:07:18+00:00\",\"breadcrumb\":{\"@id\":\"https:\\\/\\\/www.2gotravelportugal.pt\\\/tours\\\/lisboa-dia-inteiro\\\/#breadcrumb\"},\"inLanguage\":\"en-GB\",\"potentialAction\":[{\"@type\":\"ReadAction\",\"target\":[\"https:\\\/\\\/www.2gotravelportugal.pt\\\/tours\\\/lisboa-dia-inteiro\\\/\"]}]},{\"@type\":\"ImageObject\",\"inLanguage\":\"en-GB\",\"@id\":\"https:\\\/\\\/www.2gotravelportugal.pt\\\/tours\\\/lisboa-dia-inteiro\\\/#primaryimage\",\"url\":\"https:\\\/\\\/www.2gotravelportugal.pt\\\/wp-content\\\/uploads\\\/2024\\\/05\\\/lisboa-360x240-2.jpg\",\"contentUrl\":\"https:\\\/\\\/www.2gotravelportugal.pt\\\/wp-content\\\/uploads\\\/2024\\\/05\\\/lisboa-360x240-2.jpg\",\"width\":360,\"height\":240},{\"@type\":\"BreadcrumbList\",\"@id\":\"https:\\\/\\\/www.2gotravelportugal.pt\\\/tours\\\/lisboa-dia-inteiro\\\/#breadcrumb\",\"itemListElement\":[{\"@type\":\"ListItem\",\"position\":1,\"name\":\"Home\",\"item\":\"https:\\\/\\\/www.2gotravelportugal.pt\\\/\"},{\"@type\":\"ListItem\",\"position\":2,\"name\":\"Loja\",\"item\":\"https:\\\/\\\/www.2gotravelportugal.pt\\\/loja\\\/\"},{\"@type\":\"ListItem\",\"position\":3,\"name\":\"Lisboa\"}]},{\"@type\":\"WebSite\",\"@id\":\"https:\\\/\\\/www.2gotravelportugal.pt\\\/#website\",\"url\":\"https:\\\/\\\/www.2gotravelportugal.pt\\\/\",\"name\":\"2GO Travel - Discover Portugal with us\",\"description\":\"\",\"potentialAction\":[{\"@type\":\"SearchAction\",\"target\":{\"@type\":\"EntryPoint\",\"urlTemplate\":\"https:\\\/\\\/www.2gotravelportugal.pt\\\/?s={search_term_string}\"},\"query-input\":{\"@type\":\"PropertyValueSpecification\",\"valueRequired\":true,\"valueName\":\"search_term_string\"}}],\"inLanguage\":\"en-GB\"}]}<\/script>\n<!-- \/ Yoast SEO plugin. -->","yoast_head_json":{"title":"Lisboa - 2GO Travel - Discover Portugal with us","robots":{"index":"index","follow":"follow","max-snippet":"max-snippet:-1","max-image-preview":"max-image-preview:large","max-video-preview":"max-video-preview:-1"},"canonical":"https:\/\/www.2gotravelportugal.pt\/en\/tours\/lisboa-dia-inteiro\/","og_locale":"en_GB","og_type":"article","og_title":"Lisboa - 2GO Travel - Discover Portugal with us","og_description":"Tour Lisboa (pax) At\u00e9 4 At\u00e9 7 PRE\u00c7O TOTAL 260\u20ac 455\u20ac Informa\u00e7\u00e3o Passeio LOCAL PARTIDA \/ REGRESSO Hotel \/Apartamento, Lisboa HORA PARTIDA 08:30 HORA DE CHEGADA 17:00 INCLU\u00cdDO Pickup \/ Drop Off Hotel \/ Apartamento em Lisboa N\u00c3O INCLU\u00cdDO Bilhetes Almo\u00e7o Informa\u00e7\u00e3o Adicional INCLU\u00cdDO Guia oficial (mediante reserva) Prova de Vinhos (mediante reserva) DURA\u00c7\u00c3O 8h00Read more","og_url":"https:\/\/www.2gotravelportugal.pt\/en\/tours\/lisboa-dia-inteiro\/","og_site_name":"2GO Travel - Discover Portugal with us","article_modified_time":"2024-06-12T14:07:18+00:00","og_image":[{"width":360,"height":240,"url":"https:\/\/www.2gotravelportugal.pt\/wp-content\/uploads\/2024\/05\/lisboa-360x240-2.jpg","type":"image\/jpeg"}],"twitter_card":"summary_large_image","twitter_misc":{"Estimated reading time":"1 minute"},"schema":{"@context":"https:\/\/schema.org","@graph":[{"@type":"WebPage","@id":"https:\/\/www.2gotravelportugal.pt\/tours\/lisboa-dia-inteiro\/","url":"https:\/\/www.2gotravelportugal.pt\/tours\/lisboa-dia-inteiro\/","name":"Lisboa - 2GO Travel - Discover Portugal with us","isPartOf":{"@id":"https:\/\/www.2gotravelportugal.pt\/#website"},"primaryImageOfPage":{"@id":"https:\/\/www.2gotravelportugal.pt\/tours\/lisboa-dia-inteiro\/#primaryimage"},"image":{"@id":"https:\/\/www.2gotravelportugal.pt\/tours\/lisboa-dia-inteiro\/#primaryimage"},"thumbnailUrl":"https:\/\/www.2gotravelportugal.pt\/wp-content\/uploads\/2024\/05\/lisboa-360x240-2.jpg","datePublished":"2024-05-31T16:39:15+00:00","dateModified":"2024-06-12T14:07:18+00:00","breadcrumb":{"@id":"https:\/\/www.2gotravelportugal.pt\/tours\/lisboa-dia-inteiro\/#breadcrumb"},"inLanguage":"en-GB","potentialAction":[{"@type":"ReadAction","target":["https:\/\/www.2gotravelportugal.pt\/tours\/lisboa-dia-inteiro\/"]}]},{"@type":"ImageObject","inLanguage":"en-GB","@id":"https:\/\/www.2gotravelportugal.pt\/tours\/lisboa-dia-inteiro\/#primaryimage","url":"https:\/\/www.2gotravelportugal.pt\/wp-content\/uploads\/2024\/05\/lisboa-360x240-2.jpg","contentUrl":"https:\/\/www.2gotravelportugal.pt\/wp-content\/uploads\/2024\/05\/lisboa-360x240-2.jpg","width":360,"height":240},{"@type":"BreadcrumbList","@id":"https:\/\/www.2gotravelportugal.pt\/tours\/lisboa-dia-inteiro\/#breadcrumb","itemListElement":[{"@type":"ListItem","position":1,"name":"Home","item":"https:\/\/www.2gotravelportugal.pt\/"},{"@type":"ListItem","position":2,"name":"Loja","item":"https:\/\/www.2gotravelportugal.pt\/loja\/"},{"@type":"ListItem","position":3,"name":"Lisboa"}]},{"@type":"WebSite","@id":"https:\/\/www.2gotravelportugal.pt\/#website","url":"https:\/\/www.2gotravelportugal.pt\/","name":"2GO Travel - Discover Portugal with us","description":"","potentialAction":[{"@type":"SearchAction","target":{"@type":"EntryPoint","urlTemplate":"https:\/\/www.2gotravelportugal.pt\/?s={search_term_string}"},"query-input":{"@type":"PropertyValueSpecification","valueRequired":true,"valueName":"search_term_string"}}],"inLanguage":"en-GB"}]}},"_links":{"self":[{"href":"https:\/\/www.2gotravelportugal.pt\/en\/wp-json\/wp\/v2\/product\/1252","targetHints":{"allow":["GET"]}}],"collection":[{"href":"https:\/\/www.2gotravelportugal.pt\/en\/wp-json\/wp\/v2\/product"}],"about":[{"href":"https:\/\/www.2gotravelportugal.pt\/en\/wp-json\/wp\/v2\/types\/product"}],"wp:featuredmedia":[{"embeddable":true,"href":"https:\/\/www.2gotravelportugal.pt\/en\/wp-json\/wp\/v2\/media\/1281"}],"wp:attachment":[{"href":"https:\/\/www.2gotravelportugal.pt\/en\/wp-json\/wp\/v2\/media?parent=1252"}],"wp:term":[{"taxonomy":"product_brand","embeddable":true,"href":"https:\/\/www.2gotravelportugal.pt\/en\/wp-json\/wp\/v2\/product_brand?post=1252"},{"taxonomy":"product_cat","embeddable":true,"href":"https:\/\/www.2gotravelportugal.pt\/en\/wp-json\/wp\/v2\/product_cat?post=1252"},{"taxonomy":"product_tag","embeddable":true,"href":"https:\/\/www.2gotravelportugal.pt\/en\/wp-json\/wp\/v2\/product_tag?post=1252"}],"curies":[{"name":"wp","href":"https:\/\/api.w.org\/{rel}","templated":true}]}}