{"id":3,"date":"2021-09-26T17:39:38","date_gmt":"2021-09-26T17:39:38","guid":{"rendered":"https:\/\/iflexiopensite.com\/?page_id=3"},"modified":"2024-05-31T11:17:27","modified_gmt":"2024-05-31T10:17:27","slug":"termos-e-condicoes","status":"publish","type":"page","link":"https:\/\/www.2gotravelportugal.pt\/pt\/termos-e-condicoes\/","title":{"rendered":"Termos e Condi\u00e7\u00f5es"},"content":{"rendered":"<div class=\"wpb-content-wrapper\"><div class=\"vc_row wpb_row vc_row-fluid\"><div class=\"wpb_column vc_column_container vc_col-sm-12\"><div class=\"vc_column-inner\"><div class=\"wpb_wrapper\"><div class=\"title title--big title--center title--underline title--decoration-bottom-center\">\n\t\t<h3 class=\"title__primary\">Termos e Condi\u00e7\u00f5es<\/h3>\n<\/div>\n\n\t<div class=\"wpb_text_column wpb_content_element \">\n\t\t<div class=\"wpb_wrapper\">\n\t\t\t<p>. Quando a reserva \u00e9 feita por telefone, a reserva est\u00e1 sujeito a que o cliente deve aceitar os nossos Termos e Condi\u00e7\u00f5es.<\/p>\n<p>. Quaisquer modifica\u00e7\u00f5es numa reserva pode estar sujeito a uma taxa extra.<\/p>\n<p>. Para confirma\u00e7\u00e3o das reservas de Tours, o cliente tem de efectuar o pagamento total do valor do Tour. O mesmo s\u00f3 poder\u00e1 ser cancelado sem custos at\u00e9 \u00e1s 14:00 do dia anterior ao Tour.<\/p>\n<p>. Reservas feitas com menos de 24h do inicio do Tour devem ser pagas na integra, em caso de cancelamento com menos de 12h tem um custo de 50% do valor do Tour.<\/p>\n<p>. Os servi\u00e7os de Tours s\u00e3o efectuados sem guia oficial int\u00e9rprete, com guia interprete tem um custo adicional, pre\u00e7os sob consulta.<\/p>\n<p>. Os clientes devem declarar a bagagem que trazem no momento da reserva. No caso de um cliente ter excesso de bagagem, reservamos o direito de cobrar uma franquia de excesso de bagagem ou recusar-se a transportar os items.<\/p>\n<p>. Reservamos o direito (e delegados aos seus motoristas o direito) de se recusar a transportar qualquer pessoa sob a influ\u00eancia de \u00e1lcool ou drogas e \/ ou cujo comportamento \u00e9 considerado como uma amea\u00e7a para o motorista, o ve\u00edculo ou outros passageiros.<\/p>\n<p>. N\u00e3o \u00e9 permitido fumar , ingest\u00e3o de bebidas alco\u00f3licas,bebidas gaseificadas, caf\u00e9 ou comer nos nossos ve\u00edculos, excepto \u00e1gua.<\/p>\n<p>. N\u00f3s n\u00e3o somos respons\u00e1veis por atrasos antes ou durante o transporte\/tour solicitado causado por raz\u00f5es alheias, tais como o tr\u00e1fego condicionado ou intemp\u00e9ries.<\/p>\n<p>. Nos servi\u00e7os de Transfer para o Aeroporto, os clientes devem estar 5 minutos antes da hora marcada no local de tomada dos passageiros. Em caso de atraso para al\u00e9m de 5 minutos a 2 Go reserva se ao direito de cobrar uma franquia at\u00e9 50\u20ac.<\/p>\n<p>. No Aeroporto, \u00e0 sa\u00edda da porta das Chegadas estar\u00e1 um motorista com uma placa identificando o nome do cliente na zona designada &#8220;Meeting point&#8221;.<\/p>\n<p>. N\u00e3o nos responsabilizamos por objectos ou outros pertences deixados esquecidos no interior dos ve\u00edculos.<\/p>\n<p>. Reservamo-nos ao direito de contratar outros parceiros com ve\u00edculos de caracter\u00edsticas semelhantes, tais como T\u00e1xis e\/ou outras empresas de Tours e Transfers.<\/p>\n<p>. Os tours podem ser cancelados ou alterados por n\u00famero insuficiente de participantes.<\/p>\n<p>. Tours Half day t\u00eam uma dura\u00e7\u00e3o aproximada de 4 horas e os Full Day Tours 8 horas.<\/p>\n<p>. Respeitar o tempo de paragem nos pontos turisticos dado pelo motorista, cobramos tempo extra.<\/p>\n<p>. N\u00e3o nos responsabilizamos por objectos deixados no interior da viatura.<\/p>\n<p>. N\u00e3o est\u00e3o inclu\u00eddas refei\u00e7\u00f5es.entradas em monumentos ou qualquer outra despesa n\u00e3o descrita.<\/p>\n<p>. Pagamentos por cart\u00e3o de cr\u00e9dito tem um acr\u00e9scimo de 5% ao valor do servi\u00e7o prestado.<\/p>\n<p>. Em caso de lit\u00edgio o consumidor pode recorrer a uma Entidade de Resolu\u00e7\u00e3o Alternativa de Lit\u00edgios de consumo: Centro de Arbitragem de Conflitos de Consumo de Lisboa.<br \/>\nRua dos Douradores, n\u00ba 116 &#8211; 2\u00ba 1100 &#8211; 207 Lisboa<br \/>\nTelf. 218 807 030<br \/>\n<a href=\"http:\/\/www.centroarbitragemlisboa.pt\/\" target=\"_blank\" rel=\"noopener\">http:\/\/www.centroarbitragemlisboa.pt\/<\/a><br \/>\nMais informa\u00e7\u00f5es em Portal do Consumidor <a href=\"http:\/\/www.consumidor.pt\" target=\"_blank\" rel=\"noopener\">www.consumidor.pt<\/a><\/p>\n\n\t\t<\/div>\n\t<\/div>\n<\/div><\/div><\/div><\/div>\n<\/div>","protected":false},"excerpt":{"rendered":"Termos e Condi\u00e7\u00f5es . Quando a reserva \u00e9 feita por telefone, a reserva est\u00e1 sujeito a que o cliente deve aceitar os nossos Termos e Condi\u00e7\u00f5es. . Quaisquer modifica\u00e7\u00f5es numa reserva pode estar sujeito a uma taxa extra. . Para confirma\u00e7\u00e3o das reservas de Tours, o cliente tem de efectuar o pagamento total do valor<div class=\"padding-top text-center\"><a href=\"https:\/\/www.2gotravelportugal.pt\/pt\/termos-e-condicoes\/\" class=\"atbtn atbtn--medium atbtn--rounded atbtn--transparent\">Read more<i class=\"atbtn__icon atbtn__icon--right fa fa-long-arrow-right\"><\/i><\/a><\/div>","protected":false},"author":2,"featured_media":0,"parent":0,"menu_order":0,"comment_status":"closed","ping_status":"closed","template":"template-boxed.php","meta":{"_joinchat":[],"footnotes":""},"class_list":["post-3","page","type-page","status-publish","hentry"],"yoast_head":"<!-- This site is optimized with the Yoast SEO plugin v27.4 - https:\/\/yoast.com\/product\/yoast-seo-wordpress\/ -->\n<title>Termos e Condi\u00e7\u00f5es - 2GO Travel - Discover Portugal with us<\/title>\n<meta name=\"robots\" content=\"index, follow, max-snippet:-1, max-image-preview:large, max-video-preview:-1\" \/>\n<link rel=\"canonical\" href=\"https:\/\/www.2gotravelportugal.pt\/pt\/termos-e-condicoes\/\" \/>\n<meta property=\"og:locale\" content=\"pt_PT\" \/>\n<meta property=\"og:type\" content=\"article\" \/>\n<meta property=\"og:title\" content=\"Termos e Condi\u00e7\u00f5es - 2GO Travel - Discover Portugal with us\" \/>\n<meta property=\"og:url\" content=\"https:\/\/www.2gotravelportugal.pt\/pt\/termos-e-condicoes\/\" \/>\n<meta property=\"og:site_name\" content=\"2GO Travel - Discover Portugal with us\" \/>\n<meta property=\"article:modified_time\" content=\"2024-05-31T10:17:27+00:00\" \/>\n<meta name=\"twitter:card\" content=\"summary_large_image\" \/>\n<meta name=\"twitter:label1\" content=\"Tempo estimado de leitura\" \/>\n\t<meta name=\"twitter:data1\" content=\"3 minutos\" \/>\n<script type=\"application\/ld+json\" class=\"yoast-schema-graph\">{\"@context\":\"https:\\\/\\\/schema.org\",\"@graph\":[{\"@type\":\"WebPage\",\"@id\":\"https:\\\/\\\/www.2gotravelportugal.pt\\\/termos-e-condicoes\\\/\",\"url\":\"https:\\\/\\\/www.2gotravelportugal.pt\\\/termos-e-condicoes\\\/\",\"name\":\"Termos e Condi\u00e7\u00f5es - 2GO Travel - Discover Portugal with us\",\"isPartOf\":{\"@id\":\"https:\\\/\\\/www.2gotravelportugal.pt\\\/#website\"},\"datePublished\":\"2021-09-26T17:39:38+00:00\",\"dateModified\":\"2024-05-31T10:17:27+00:00\",\"breadcrumb\":{\"@id\":\"https:\\\/\\\/www.2gotravelportugal.pt\\\/termos-e-condicoes\\\/#breadcrumb\"},\"inLanguage\":\"pt-PT\",\"potentialAction\":[{\"@type\":\"ReadAction\",\"target\":[\"https:\\\/\\\/www.2gotravelportugal.pt\\\/termos-e-condicoes\\\/\"]}]},{\"@type\":\"BreadcrumbList\",\"@id\":\"https:\\\/\\\/www.2gotravelportugal.pt\\\/termos-e-condicoes\\\/#breadcrumb\",\"itemListElement\":[{\"@type\":\"ListItem\",\"position\":1,\"name\":\"Home\",\"item\":\"https:\\\/\\\/www.2gotravelportugal.pt\\\/\"},{\"@type\":\"ListItem\",\"position\":2,\"name\":\"Termos e Condi\u00e7\u00f5es\"}]},{\"@type\":\"WebSite\",\"@id\":\"https:\\\/\\\/www.2gotravelportugal.pt\\\/#website\",\"url\":\"https:\\\/\\\/www.2gotravelportugal.pt\\\/\",\"name\":\"2GO Travel - Discover Portugal with us\",\"description\":\"\",\"potentialAction\":[{\"@type\":\"SearchAction\",\"target\":{\"@type\":\"EntryPoint\",\"urlTemplate\":\"https:\\\/\\\/www.2gotravelportugal.pt\\\/?s={search_term_string}\"},\"query-input\":{\"@type\":\"PropertyValueSpecification\",\"valueRequired\":true,\"valueName\":\"search_term_string\"}}],\"inLanguage\":\"pt-PT\"}]}<\/script>\n<!-- \/ Yoast SEO plugin. -->","yoast_head_json":{"title":"Termos e Condi\u00e7\u00f5es - 2GO Travel - Discover Portugal with us","robots":{"index":"index","follow":"follow","max-snippet":"max-snippet:-1","max-image-preview":"max-image-preview:large","max-video-preview":"max-video-preview:-1"},"canonical":"https:\/\/www.2gotravelportugal.pt\/pt\/termos-e-condicoes\/","og_locale":"pt_PT","og_type":"article","og_title":"Termos e Condi\u00e7\u00f5es - 2GO Travel - Discover Portugal with us","og_url":"https:\/\/www.2gotravelportugal.pt\/pt\/termos-e-condicoes\/","og_site_name":"2GO Travel - Discover Portugal with us","article_modified_time":"2024-05-31T10:17:27+00:00","twitter_card":"summary_large_image","twitter_misc":{"Tempo estimado de leitura":"3 minutos"},"schema":{"@context":"https:\/\/schema.org","@graph":[{"@type":"WebPage","@id":"https:\/\/www.2gotravelportugal.pt\/termos-e-condicoes\/","url":"https:\/\/www.2gotravelportugal.pt\/termos-e-condicoes\/","name":"Termos e Condi\u00e7\u00f5es - 2GO Travel - Discover Portugal with us","isPartOf":{"@id":"https:\/\/www.2gotravelportugal.pt\/#website"},"datePublished":"2021-09-26T17:39:38+00:00","dateModified":"2024-05-31T10:17:27+00:00","breadcrumb":{"@id":"https:\/\/www.2gotravelportugal.pt\/termos-e-condicoes\/#breadcrumb"},"inLanguage":"pt-PT","potentialAction":[{"@type":"ReadAction","target":["https:\/\/www.2gotravelportugal.pt\/termos-e-condicoes\/"]}]},{"@type":"BreadcrumbList","@id":"https:\/\/www.2gotravelportugal.pt\/termos-e-condicoes\/#breadcrumb","itemListElement":[{"@type":"ListItem","position":1,"name":"Home","item":"https:\/\/www.2gotravelportugal.pt\/"},{"@type":"ListItem","position":2,"name":"Termos e Condi\u00e7\u00f5es"}]},{"@type":"WebSite","@id":"https:\/\/www.2gotravelportugal.pt\/#website","url":"https:\/\/www.2gotravelportugal.pt\/","name":"2GO Travel - Discover Portugal with us","description":"","potentialAction":[{"@type":"SearchAction","target":{"@type":"EntryPoint","urlTemplate":"https:\/\/www.2gotravelportugal.pt\/?s={search_term_string}"},"query-input":{"@type":"PropertyValueSpecification","valueRequired":true,"valueName":"search_term_string"}}],"inLanguage":"pt-PT"}]}},"_links":{"self":[{"href":"https:\/\/www.2gotravelportugal.pt\/pt\/wp-json\/wp\/v2\/pages\/3","targetHints":{"allow":["GET"]}}],"collection":[{"href":"https:\/\/www.2gotravelportugal.pt\/pt\/wp-json\/wp\/v2\/pages"}],"about":[{"href":"https:\/\/www.2gotravelportugal.pt\/pt\/wp-json\/wp\/v2\/types\/page"}],"author":[{"embeddable":true,"href":"https:\/\/www.2gotravelportugal.pt\/pt\/wp-json\/wp\/v2\/users\/2"}],"replies":[{"embeddable":true,"href":"https:\/\/www.2gotravelportugal.pt\/pt\/wp-json\/wp\/v2\/comments?post=3"}],"version-history":[{"count":2,"href":"https:\/\/www.2gotravelportugal.pt\/pt\/wp-json\/wp\/v2\/pages\/3\/revisions"}],"predecessor-version":[{"id":1223,"href":"https:\/\/www.2gotravelportugal.pt\/pt\/wp-json\/wp\/v2\/pages\/3\/revisions\/1223"}],"wp:attachment":[{"href":"https:\/\/www.2gotravelportugal.pt\/pt\/wp-json\/wp\/v2\/media?parent=3"}],"curies":[{"name":"wp","href":"https:\/\/api.w.org\/{rel}","templated":true}]}}