{"id":1241,"date":"2024-05-31T17:04:53","date_gmt":"2024-05-31T16:04:53","guid":{"rendered":"https:\/\/www.2gotravelportugal.pt\/?post_type=product&#038;p=1241"},"modified":"2024-06-12T14:55:57","modified_gmt":"2024-06-12T13:55:57","slug":"evora","status":"publish","type":"product","link":"https:\/\/www.2gotravelportugal.pt\/pt\/tours\/evora\/","title":{"rendered":"\u00c9vora"},"content":{"rendered":"<table class=\"table table-bordered tours-tabs__table\" width=\"100%\">\n<tbody>\n<tr>\n<td style=\"text-align: left;\"><strong>Tour \u00c9vora (pax)<\/strong><\/td>\n<td style=\"text-align: left;\">At\u00e9 4<\/td>\n<td style=\"text-align: left;\">At\u00e9 7<\/td>\n<\/tr>\n<tr>\n<td style=\"text-align: left;\"><strong>PRE\u00c7O TOTAL<\/strong><\/td>\n<td style=\"text-align: left;\">260\u20ac<\/td>\n<td style=\"text-align: left;\">455\u20ac<\/td>\n<\/tr>\n<\/tbody>\n<\/table>\n<h2>Informa\u00e7\u00e3o Passeio<\/h2>\n<table class=\"table table-bordered tours-tabs__table\" width=\"100%\">\n<tbody>\n<tr>\n<td><strong>LOCAL PARTIDA \/ REGRESSO<\/strong><\/td>\n<td>Hotel \/Apartamento, Lisboa<\/td>\n<\/tr>\n<tr>\n<td><strong>HORA PARTIDA<\/strong><\/td>\n<td>08:00<\/td>\n<\/tr>\n<tr>\n<td><strong>HORA DE CHEGADA<\/strong><\/td>\n<td>12:30<\/td>\n<\/tr>\n<tr>\n<td><strong>INCLU\u00cdDO<\/strong><\/td>\n<td>Pickup \/ Drop Off Hotel \/ Apartamento em Lisboa<\/td>\n<\/tr>\n<tr>\n<td><b>N\u00c3O INCLU\u00cdDO<\/b><\/td>\n<td>\n<table class=\"table table-bordered\" width=\"100%\">\n<tbody>\n<tr>\n<td>Bilhetes<\/td>\n<td>Almo\u00e7o<\/td>\n<\/tr>\n<\/tbody>\n<\/table>\n<\/td>\n<\/tr>\n<\/tbody>\n<\/table>\n<h2>Informa\u00e7\u00e3o Adicional<\/h2>\n<table class=\"table table-bordered tours-tabs__table\" width=\"100%\">\n<tbody>\n<tr>\n<td><strong>DURA\u00c7\u00c3O<\/strong><\/td>\n<td>4h00 aproximadamente<\/td>\n<\/tr>\n<\/tbody>\n<\/table>\n","protected":false},"excerpt":{"rendered":"<p>Tour \u00c9vora (pax) At\u00e9 4 At\u00e9 7 PRE\u00c7O TOTAL 260\u20ac 455\u20ac Informa\u00e7\u00e3o Passeio LOCAL PARTIDA \/ REGRESSO Hotel \/Apartamento, Lisboa HORA PARTIDA 08:00 HORA DE CHEGADA 12:30 INCLU\u00cdDO Pickup \/ Drop Off Hotel \/ Apartamento em Lisboa N\u00c3O INCLU\u00cdDO Bilhetes Almo\u00e7o Informa\u00e7\u00e3o Adicional DURA\u00c7\u00c3O 4h00 aproximadamente<\/p>\n","protected":false},"featured_media":1279,"template":"","meta":{"_joinchat":[]},"product_brand":[],"product_cat":[66],"product_tag":[],"class_list":{"0":"post-1241","1":"product","2":"type-product","3":"status-publish","4":"has-post-thumbnail","6":"product_cat-passeios-meio-dia","7":"tour_category-passeios-meio-dia","9":"first","10":"instock","11":"shipping-taxable","12":"purchasable","13":"product-type-tour"},"yoast_head":"<!-- This site is optimized with the Yoast SEO plugin v27.4 - https:\/\/yoast.com\/product\/yoast-seo-wordpress\/ -->\n<title>\u00c9vora - 2GO Travel - Discover Portugal with us<\/title>\n<meta name=\"robots\" content=\"index, follow, max-snippet:-1, max-image-preview:large, max-video-preview:-1\" \/>\n<link rel=\"canonical\" href=\"https:\/\/www.2gotravelportugal.pt\/pt\/tours\/evora\/\" \/>\n<meta property=\"og:locale\" content=\"pt_PT\" \/>\n<meta property=\"og:type\" content=\"article\" \/>\n<meta property=\"og:title\" content=\"\u00c9vora - 2GO Travel - Discover Portugal with us\" \/>\n<meta property=\"og:description\" content=\"Tour \u00c9vora (pax) At\u00e9 4 At\u00e9 7 PRE\u00c7O TOTAL 260\u20ac 455\u20ac Informa\u00e7\u00e3o Passeio LOCAL PARTIDA \/ REGRESSO Hotel \/Apartamento, Lisboa HORA PARTIDA 08:00 HORA DE CHEGADA 12:30 INCLU\u00cdDO Pickup \/ Drop Off Hotel \/ Apartamento em Lisboa N\u00c3O INCLU\u00cdDO Bilhetes Almo\u00e7o Informa\u00e7\u00e3o Adicional DURA\u00c7\u00c3O 4h00 aproximadamente\" \/>\n<meta property=\"og:url\" content=\"https:\/\/www.2gotravelportugal.pt\/pt\/tours\/evora\/\" \/>\n<meta property=\"og:site_name\" content=\"2GO Travel - Discover Portugal with us\" \/>\n<meta property=\"article:modified_time\" content=\"2024-06-12T13:55:57+00:00\" \/>\n<meta property=\"og:image\" content=\"https:\/\/www.2gotravelportugal.pt\/wp-content\/uploads\/2024\/05\/evora-360x240-2.jpg\" \/>\n\t<meta property=\"og:image:width\" content=\"360\" \/>\n\t<meta property=\"og:image:height\" content=\"240\" \/>\n\t<meta property=\"og:image:type\" content=\"image\/jpeg\" \/>\n<meta name=\"twitter:card\" content=\"summary_large_image\" \/>\n<meta name=\"twitter:label1\" content=\"Tempo estimado de leitura\" \/>\n\t<meta name=\"twitter:data1\" content=\"1 minuto\" \/>\n<script type=\"application\/ld+json\" class=\"yoast-schema-graph\">{\"@context\":\"https:\\\/\\\/schema.org\",\"@graph\":[{\"@type\":\"WebPage\",\"@id\":\"https:\\\/\\\/www.2gotravelportugal.pt\\\/tours\\\/evora\\\/\",\"url\":\"https:\\\/\\\/www.2gotravelportugal.pt\\\/tours\\\/evora\\\/\",\"name\":\"\u00c9vora - 2GO Travel - Discover Portugal with us\",\"isPartOf\":{\"@id\":\"https:\\\/\\\/www.2gotravelportugal.pt\\\/#website\"},\"primaryImageOfPage\":{\"@id\":\"https:\\\/\\\/www.2gotravelportugal.pt\\\/tours\\\/evora\\\/#primaryimage\"},\"image\":{\"@id\":\"https:\\\/\\\/www.2gotravelportugal.pt\\\/tours\\\/evora\\\/#primaryimage\"},\"thumbnailUrl\":\"https:\\\/\\\/www.2gotravelportugal.pt\\\/wp-content\\\/uploads\\\/2024\\\/05\\\/evora-360x240-2.jpg\",\"datePublished\":\"2024-05-31T16:04:53+00:00\",\"dateModified\":\"2024-06-12T13:55:57+00:00\",\"breadcrumb\":{\"@id\":\"https:\\\/\\\/www.2gotravelportugal.pt\\\/tours\\\/evora\\\/#breadcrumb\"},\"inLanguage\":\"pt-PT\",\"potentialAction\":[{\"@type\":\"ReadAction\",\"target\":[\"https:\\\/\\\/www.2gotravelportugal.pt\\\/tours\\\/evora\\\/\"]}]},{\"@type\":\"ImageObject\",\"inLanguage\":\"pt-PT\",\"@id\":\"https:\\\/\\\/www.2gotravelportugal.pt\\\/tours\\\/evora\\\/#primaryimage\",\"url\":\"https:\\\/\\\/www.2gotravelportugal.pt\\\/wp-content\\\/uploads\\\/2024\\\/05\\\/evora-360x240-2.jpg\",\"contentUrl\":\"https:\\\/\\\/www.2gotravelportugal.pt\\\/wp-content\\\/uploads\\\/2024\\\/05\\\/evora-360x240-2.jpg\",\"width\":360,\"height\":240},{\"@type\":\"BreadcrumbList\",\"@id\":\"https:\\\/\\\/www.2gotravelportugal.pt\\\/tours\\\/evora\\\/#breadcrumb\",\"itemListElement\":[{\"@type\":\"ListItem\",\"position\":1,\"name\":\"Home\",\"item\":\"https:\\\/\\\/www.2gotravelportugal.pt\\\/\"},{\"@type\":\"ListItem\",\"position\":2,\"name\":\"Loja\",\"item\":\"https:\\\/\\\/www.2gotravelportugal.pt\\\/loja\\\/\"},{\"@type\":\"ListItem\",\"position\":3,\"name\":\"\u00c9vora\"}]},{\"@type\":\"WebSite\",\"@id\":\"https:\\\/\\\/www.2gotravelportugal.pt\\\/#website\",\"url\":\"https:\\\/\\\/www.2gotravelportugal.pt\\\/\",\"name\":\"2GO Travel - Discover Portugal with us\",\"description\":\"\",\"potentialAction\":[{\"@type\":\"SearchAction\",\"target\":{\"@type\":\"EntryPoint\",\"urlTemplate\":\"https:\\\/\\\/www.2gotravelportugal.pt\\\/?s={search_term_string}\"},\"query-input\":{\"@type\":\"PropertyValueSpecification\",\"valueRequired\":true,\"valueName\":\"search_term_string\"}}],\"inLanguage\":\"pt-PT\"}]}<\/script>\n<!-- \/ Yoast SEO plugin. -->","yoast_head_json":{"title":"\u00c9vora - 2GO Travel - Discover Portugal with us","robots":{"index":"index","follow":"follow","max-snippet":"max-snippet:-1","max-image-preview":"max-image-preview:large","max-video-preview":"max-video-preview:-1"},"canonical":"https:\/\/www.2gotravelportugal.pt\/pt\/tours\/evora\/","og_locale":"pt_PT","og_type":"article","og_title":"\u00c9vora - 2GO Travel - Discover Portugal with us","og_description":"Tour \u00c9vora (pax) At\u00e9 4 At\u00e9 7 PRE\u00c7O TOTAL 260\u20ac 455\u20ac Informa\u00e7\u00e3o Passeio LOCAL PARTIDA \/ REGRESSO Hotel \/Apartamento, Lisboa HORA PARTIDA 08:00 HORA DE CHEGADA 12:30 INCLU\u00cdDO Pickup \/ Drop Off Hotel \/ Apartamento em Lisboa N\u00c3O INCLU\u00cdDO Bilhetes Almo\u00e7o Informa\u00e7\u00e3o Adicional DURA\u00c7\u00c3O 4h00 aproximadamente","og_url":"https:\/\/www.2gotravelportugal.pt\/pt\/tours\/evora\/","og_site_name":"2GO Travel - Discover Portugal with us","article_modified_time":"2024-06-12T13:55:57+00:00","og_image":[{"width":360,"height":240,"url":"https:\/\/www.2gotravelportugal.pt\/wp-content\/uploads\/2024\/05\/evora-360x240-2.jpg","type":"image\/jpeg"}],"twitter_card":"summary_large_image","twitter_misc":{"Tempo estimado de leitura":"1 minuto"},"schema":{"@context":"https:\/\/schema.org","@graph":[{"@type":"WebPage","@id":"https:\/\/www.2gotravelportugal.pt\/tours\/evora\/","url":"https:\/\/www.2gotravelportugal.pt\/tours\/evora\/","name":"\u00c9vora - 2GO Travel - Discover Portugal with us","isPartOf":{"@id":"https:\/\/www.2gotravelportugal.pt\/#website"},"primaryImageOfPage":{"@id":"https:\/\/www.2gotravelportugal.pt\/tours\/evora\/#primaryimage"},"image":{"@id":"https:\/\/www.2gotravelportugal.pt\/tours\/evora\/#primaryimage"},"thumbnailUrl":"https:\/\/www.2gotravelportugal.pt\/wp-content\/uploads\/2024\/05\/evora-360x240-2.jpg","datePublished":"2024-05-31T16:04:53+00:00","dateModified":"2024-06-12T13:55:57+00:00","breadcrumb":{"@id":"https:\/\/www.2gotravelportugal.pt\/tours\/evora\/#breadcrumb"},"inLanguage":"pt-PT","potentialAction":[{"@type":"ReadAction","target":["https:\/\/www.2gotravelportugal.pt\/tours\/evora\/"]}]},{"@type":"ImageObject","inLanguage":"pt-PT","@id":"https:\/\/www.2gotravelportugal.pt\/tours\/evora\/#primaryimage","url":"https:\/\/www.2gotravelportugal.pt\/wp-content\/uploads\/2024\/05\/evora-360x240-2.jpg","contentUrl":"https:\/\/www.2gotravelportugal.pt\/wp-content\/uploads\/2024\/05\/evora-360x240-2.jpg","width":360,"height":240},{"@type":"BreadcrumbList","@id":"https:\/\/www.2gotravelportugal.pt\/tours\/evora\/#breadcrumb","itemListElement":[{"@type":"ListItem","position":1,"name":"Home","item":"https:\/\/www.2gotravelportugal.pt\/"},{"@type":"ListItem","position":2,"name":"Loja","item":"https:\/\/www.2gotravelportugal.pt\/loja\/"},{"@type":"ListItem","position":3,"name":"\u00c9vora"}]},{"@type":"WebSite","@id":"https:\/\/www.2gotravelportugal.pt\/#website","url":"https:\/\/www.2gotravelportugal.pt\/","name":"2GO Travel - Discover Portugal with us","description":"","potentialAction":[{"@type":"SearchAction","target":{"@type":"EntryPoint","urlTemplate":"https:\/\/www.2gotravelportugal.pt\/?s={search_term_string}"},"query-input":{"@type":"PropertyValueSpecification","valueRequired":true,"valueName":"search_term_string"}}],"inLanguage":"pt-PT"}]}},"_links":{"self":[{"href":"https:\/\/www.2gotravelportugal.pt\/pt\/wp-json\/wp\/v2\/product\/1241","targetHints":{"allow":["GET"]}}],"collection":[{"href":"https:\/\/www.2gotravelportugal.pt\/pt\/wp-json\/wp\/v2\/product"}],"about":[{"href":"https:\/\/www.2gotravelportugal.pt\/pt\/wp-json\/wp\/v2\/types\/product"}],"wp:featuredmedia":[{"embeddable":true,"href":"https:\/\/www.2gotravelportugal.pt\/pt\/wp-json\/wp\/v2\/media\/1279"}],"wp:attachment":[{"href":"https:\/\/www.2gotravelportugal.pt\/pt\/wp-json\/wp\/v2\/media?parent=1241"}],"wp:term":[{"taxonomy":"product_brand","embeddable":true,"href":"https:\/\/www.2gotravelportugal.pt\/pt\/wp-json\/wp\/v2\/product_brand?post=1241"},{"taxonomy":"product_cat","embeddable":true,"href":"https:\/\/www.2gotravelportugal.pt\/pt\/wp-json\/wp\/v2\/product_cat?post=1241"},{"taxonomy":"product_tag","embeddable":true,"href":"https:\/\/www.2gotravelportugal.pt\/pt\/wp-json\/wp\/v2\/product_tag?post=1241"}],"curies":[{"name":"wp","href":"https:\/\/api.w.org\/{rel}","templated":true}]}}